{"id":3,"date":"2018-11-24T08:20:28","date_gmt":"2018-11-24T07:20:28","guid":{"rendered":"https:\/\/www.lapisardi-avocats.fr\/ultrapetita\/?page_id=3"},"modified":"2021-09-10T12:47:27","modified_gmt":"2021-09-10T10:47:27","slug":"politique-de-confidentialite","status":"publish","type":"page","link":"https:\/\/www.lapisardi-avocats.fr\/ultrapetita\/politique-de-confidentialite\/","title":{"rendered":"Politique de confidentialit\u00e9"},"content":{"rendered":"<section  class='av_textblock_section av-jpa3t2en-7f3c65b2bb8aeaf6e81db5cf53e3754d '   itemscope=\"itemscope\" itemtype=\"https:\/\/schema.org\/CreativeWork\" ><div class='avia_textblock'  itemprop=\"text\" ><h1>Politique de Confidentialit\u00e9<\/h1>\n<p>Merci d\u2019avoir visit\u00e9 notre site Web. Nous vous remercions pour l\u2019int\u00e9r\u00eat port\u00e9 \u00e0 notre cabinet d&rsquo;avocats et nos services. Prot\u00e9ger vos informations personnelles est tr\u00e8s important pour notre soci\u00e9t\u00e9. A cette fin, nous traitons toutes les informations personnelles que vous nous communiquez (comme votre nom, votre adresse email et votre num\u00e9ro de t\u00e9l\u00e9phone) de mani\u00e8re strictement confidentielle. Notre politique de protection et de confidentialit\u00e9 des donn\u00e9es s\u2019engage \u00e0 traiter les <em>donn\u00e9es \u00e0 caract\u00e8re personnel<\/em>\u00a0propres aux utilisateurs de son site dans le respect de la\u00a0<a href=\"https:\/\/www.cnil.fr\/fr\/loi-78-17-du-6-janvier-1978-modifiee#_blank\" target=\"_blank\" rel=\"noopener noreferrer\">loi n\u00b0 78-17 du 6 janvier 1978<\/a>, soit la loi \u00ab Informatique et Libert\u00e9s \u00bb, modifi\u00e9e par l&rsquo;<a href=\"https:\/\/www.legifrance.gouv.fr\/affichTexte.do?cidTexte=JORFTEXT000024502658&amp;categorieLien=id#_blank\" target=\"_blank\" rel=\"noopener noreferrer\">ordonnance n\u00b02011-1012 du 24 ao\u00fbt 2011<\/a>\u00a0qui a transpos\u00e9 la\u00a0<a href=\"http:\/\/eur-lex.europa.eu\/legal-content\/EN\/TXT\/?uri=celex%3A32009L0136\" target=\"_blank\" rel=\"noopener noreferrer\">directive 2009\/136\/CE<\/a>\u00a0. Et\u00a0au\u00a0<a href=\"https:\/\/www.cnil.fr\/fr\/reglement-europeen-protection-donnees\" target=\"_blank\" rel=\"noopener\">r\u00e8glement (UE) 2016\/679<\/a>\u00a0du Parlement europ\u00e9en et du Conseil en vigueur depuis le 27 avril 2016 et qui est d&rsquo;application depuis le 25 mai 2018.<\/p>\n<h2>Informations de contact<\/h2>\n<p>Le responsable du traitement est la soci\u00e9t\u00e9 Lapisardi Avocats, Soci\u00e9t\u00e9 d&rsquo;exercice lib\u00e9ral par action simplifi\u00e9e repr\u00e9sent\u00e9e par Madame Sophie LAPISARDI, Pr\u00e9sidente \u2013\u00a0Num\u00e9ro RCS\u00a0: 819\u00a0058\u00a0710 (RCS Paris)\u00a0\u2013 SIRET : 81905871 000024 \u2013 7 rue Royale \u2013 75008 PARIS \u2013 email : <a href=\"mailto:sophie.lapisardi@lapisardi-avocats.fr\">sophie.lapisardi@lapisardi-avocats.fr<\/a>\u00a0\u2013 t\u00e9l\u00e9phone : +33 146 368 249<\/p>\n<p>L\u2019adresse de notre site Web est\u00a0:\u00a0<a href=\"https:\/\/lapisardi-avocats.fr\">https:\/\/lapisardi-avocats.fr<\/a><\/p>\n<p>Directeur de la Publication : Madame Sophie LAPISARDI<\/p>\n<p>H\u00e9bergeur : OVH\u00a0\u2013\u00a02 rue Kellermann \u2013 59100 Roubaix<\/p>\n<h2>Utilisation des donn\u00e9es personnelles collect\u00e9es<\/h2>\n<p>Le\u00a0<a href=\"https:\/\/www.cnil.fr\/fr\/reglement-europeen-protection-donnees\" target=\"_blank\" rel=\"noopener\">r\u00e8glement (UE) 2016\/679<\/a>\u00a0entend par\u00a0<em>donn\u00e9e \u00e0 caract\u00e8re personnel<\/em>\u00a0toute information permettant d\u2019identifier directement ou indirectement une personne physique (ci-apr\u00e8s appel\u00e9e <em>utilisateur<\/em>) ; cette information pouvant \u00eatre un nom, un num\u00e9ro de t\u00e9l\u00e9phone, une adresse e-mail, des donn\u00e9es de localisation, un identifiant en ligne, ou un ou plusieurs \u00e9l\u00e9ments propres \u00e0 son identit\u00e9 physique, psychique, culturelle, sociale&#8230;<\/p>\n<p>Ces donn\u00e9es sont trait\u00e9es et conserv\u00e9es dans le cadre du traitement de votre dossier. Nous sommes \u00e9galement amen\u00e9s \u00e0 traiter et conserv\u00e9s des donn\u00e9es pour le simple \u00e9tablissement d\u2019un devis ou lors de la prise d\u2019un rendez-vous.<\/p>\n<h3>Commentaires<\/h3>\n<p>Quand vous laissez un commentaire sur notre site Web, les donn\u00e9es inscrites dans le formulaire de commentaire, mais aussi votre adresse IP et l\u2019agent utilisateur de votre navigateur sont collect\u00e9s pour nous aider \u00e0 la d\u00e9tection des commentaires ind\u00e9sirables.<\/p>\n<p>Une cha\u00eene anonymis\u00e9e cr\u00e9\u00e9e \u00e0 partir de votre adresse de messagerie (\u00e9galement appel\u00e9e hash) peut \u00eatre envoy\u00e9e au service Gravatar pour v\u00e9rifier si vous utilisez ce dernier. Les clauses de confidentialit\u00e9 du service Gravatar sont disponibles ici\u00a0: <a href=\"https:\/\/automattic.com\/privacy\/\">https:\/\/automattic.com\/privacy\/<\/a>. Apr\u00e8s validation de votre commentaire, votre photo de profil sera visible publiquement \u00e0 cot\u00e9 de votre commentaire.<\/p>\n<p>Nous r\u00e9coltons des informations sur les visiteurs qui commentent sur les sites utilisant Akismet, notre service contre les ind\u00e9sirables. Ces informations r\u00e9colt\u00e9es d\u00e9pendent des r\u00e9glages Akismet effectu\u00e9s par l&rsquo;utilisateur sur le site, et incluent g\u00e9n\u00e9ralement l&rsquo;adresse IP des commentateurs, l&rsquo;agent utilisateur, le r\u00e9f\u00e9rent et l&rsquo;URL du site (ainsi que d&rsquo;autres informations fournies directement par le commentateur comme leur nom, nom d&rsquo;utilisateur, adresse e-mail et leur commentaire).Les messages dans le\u00a0dossier des ind\u00e9sirables\u00a0de l&rsquo;administrateur depuis plus de 15 jours sont supprim\u00e9s automatiquement. Vous trouverez les clauses de confidentialit\u00e9 d&rsquo;Akismet ici :\u00a0<a href=\"https:\/\/automattic.com\/privacy\/\" target=\"_blank\" rel=\"noopener\">https:\/\/automattic.com\/privacy\/<\/a>.<\/p>\n<p>Si vous laissez un commentaire, le commentaire et ses m\u00e9tadonn\u00e9es sont conserv\u00e9s ind\u00e9finiment. Cela permet de reconna\u00eetre et approuver automatiquement les commentaires suivants au lieu de les laisser dans la file de mod\u00e9ration.<\/p>\n<p>Pour les utilisateurs qui s\u2019enregistrent sur notre site Web (si cela est possible), nous stockons \u00e9galement les donn\u00e9es personnelles indiqu\u00e9es dans leur profil. Tous les utilisateurs peuvent voir, modifier ou supprimer leurs informations personnelles \u00e0 tout moment (\u00e0 l\u2019exception de leur nom d\u2019utilisateur). Les gestionnaires du site Web peuvent aussi voir et modifier ces informations.<\/p>\n<h3>Formulaires de contact<\/h3>\n<p>Les informations recueillies sur les formulaires de contact pr\u00e9sents sur notre site Web (obligatoirement votre nom, votre email et la raison sociale de votre entreprise) sont enregistr\u00e9es dans un fichier informatis\u00e9 pour\u00a0la gestion des services que nous proposons \u00e0 nos clients et la gestion des demandes de renseignements des Utilisateurs de nos services.<\/p>\n<p>Pour ce faire, vous pouvez nous contacter directement via l\u2019email suivant\u00a0: <a href=\"mailto:confidentialite@lapisardi-avocats.fr\">confidentialite@lapisardi-avocats.fr<\/a><\/p>\n<h3>Formulaires d&rsquo;inscriptions \u00e0 notre Newsletter<\/h3>\n<p>Vous avez la possibilit\u00e9 de vous abonner \u00e0 notre Newsletter en remplissant sur notre site Web le formulaire d\u2019inscription correspondant. Afin de valider votre inscription, vous devez obligatoirement avoir coch\u00e9 une case d\u2019acceptation, cette action correspondant \u00e0 un opt-in, qui confirme explicitement votre consentement.<\/p>\n<p>Votre\u00a0adresse mail, votre nom et votre pr\u00e9nom sont ensuite enregistr\u00e9s dans une liste de diffusion g\u00e9r\u00e9e par notre partenaire MailChimp.<\/p>\n<p>Vous pouvez vous d\u00e9sinscrire \u00e0 tout moment en nous adressant un email \u00e0\u00a0<a href=\"mailto:confidentialite@lapisardi-avocats.fr\">confidentialite@lapisardi-avocats.fr<\/a>et \u00e0 travers le lien de d\u00e9sinscription pr\u00e9sent en bas de chaque Newsletter que vous recevez de notre part.<\/p>\n<p>Les clauses de confidentialit\u00e9 du service MailChimp sont disponibles ici\u00a0:\u00a0<u><a href=\"https:\/\/mailchimp.com\/legal\/privacy\/\">https:\/\/mailchimp.com\/legal\/privacy\/<\/a><\/u><\/p>\n<h3>Cookies<\/h3>\n<p>Vous pouvez consulter les d\u00e9tails de notre Politique de Gestion des Cookies\u00a0<a href=\"https:\/\/lapisardi-avocats.fr\/ultrapetita\/politique-de-cookies\/\" target=\"_blank\" rel=\"noopener\">en cliquant sur ce lien.<\/a><\/p>\n<\/div><\/section>\n<section  class='av_textblock_section av-jpa3t2en-7f3c65b2bb8aeaf6e81db5cf53e3754d '   itemscope=\"itemscope\" itemtype=\"https:\/\/schema.org\/CreativeWork\" ><div class='avia_textblock'  itemprop=\"text\" ><p><span style=\"font-size: 28px; font-weight: 600;\">DESTINATAIRES DES DONN\u00c9ES PERSONNELLES<\/span><\/p>\n<p>Peuvent \u00eatre destinataires de vos Donn\u00e9es la soci\u00e9t\u00e9 Lapisardi Avocats ainsi que ses collaborateurs. Les donn\u00e9es sont conserv\u00e9es dans un registre tenu par le Cabinet Lapisardi Avocats.<\/p>\n<p>Dans le cadre du traitement de vos demandes et de l\u2019utilisation de nos services, nous pouvons \u00eatre amen\u00e9s \u00e0 divulguer des informations \u00e0 des sous-traitants que nous avons engag\u00e9s, qui ne re\u00e7oivent que les informations n\u00e9cessaires \u00e0 l\u2019ex\u00e9cution de leur mission conform\u00e9ment \u00e0 l\u2019article 28 du RGPD.<\/p>\n<p>En cas de r\u00e9organisation ou de restructuration, envisag\u00e9es ou finalis\u00e9es, certains auditeurs, conseillers, acqu\u00e9reurs, pourraient \u00e9galement avoir acc\u00e8s \u00e0 vos donn\u00e9es. Une information vous sera d\u00e9livr\u00e9e en ce sens, le cas \u00e9ch\u00e9ant.<\/p>\n<h2>DUR\u00c9E DE CONSERVATION DES DONN\u00c9ES\u00a0PERSONNELLES<\/h2>\n<p>Les Donn\u00e9es des Utilisateurs du site, non clients, sont conserv\u00e9es pendant une dur\u00e9e maximale de 3 ans \u00e0 compter de leur collecte.<\/p>\n<p>Les Donn\u00e9es des clients sont conserv\u00e9es pendant une dur\u00e9e de 5 ans \u00e0 compter de l\u2019expiration du contrat ou de la cl\u00f4ture de leur compte.<\/p>\n<h2>LES DROITS QUE VOUS AVEZ SUR VOS DONN\u00c9ES<\/h2>\n<p>Les\u00a0<em>personnes concern\u00e9es<\/em>\u00a0disposent :<\/p>\n<ul>\n<li>d\u2019un droit d\u2019acc\u00e8s (article 15) ;<\/li>\n<li>d\u2019un droit de rectification (article 16) ;<\/li>\n<li>d\u2019un droit \u00a0\u00e0 l\u2019effacement ou\u00a0<em>droit \u00e0 l\u2019oubli<\/em>(article 17) ;<\/li>\n<li>d\u2019un droit \u00e0 la limitation du traitement (article 18) ;<\/li>\n<li>d\u2019un droit \u00e0 la portabilit\u00e9 des Donn\u00e9es (article 20) ;<\/li>\n<li>d\u2019un droit d\u2019opposition (article 21) ;<\/li>\n<li>d\u2019un droit visant \u00e0 leur permettre de ne pas faire l\u2019objet d\u2019une d\u00e9cision individuelle automatis\u00e9e, y compris le profilage (article 22) ;<\/li>\n<li>du droit de d\u00e9finir des directives concernant leurs donn\u00e9es en cas de d\u00e9c\u00e8s (article 40-1 Loi informatique et libert\u00e9s).<\/li>\n<\/ul>\n<p>Pour ce faire, vous pouvez nous contacter directement via l\u2019email suivant :\u00a0<a href=\"mailto:confidentialite@lapisardi-avocats.fr\">confidentialite@lapisardi-avocats.fr<\/a>.<\/p>\n<p>Toute personne concern\u00e9e qui consid\u00e8re qu\u2019un traitement de Donn\u00e9es \u00e0 caract\u00e8re personnel la concernant constitue une violation de la r\u00e9glementation peut nous contacter \u00e0 l\u2019adresse email ci-dessus. Si le probl\u00e8me demeure, vous \u00a0avez\u00a0le droit d\u2019<a href=\"https:\/\/www.cnil.fr\/fr\/reglement-europeen-protection-donnees\/chapitre8\">introduire une r\u00e9clamation aupr\u00e8s de l\u2019autorit\u00e9 de contr\u00f4le<\/a>\u00a0(la CNIL).<\/p>\n<h2>MESURES DE PROTECTION DES DONN\u00c9ES<\/h2>\n<p>La s\u00e9curit\u00e9 de vos Donn\u00e9es est assur\u00e9e gr\u00e2ce :<\/p>\n<ul>\n<li>aux mesures de protection associ\u00e9es au site Web et aux syst\u00e8mes de messageries utilis\u00e9s par Lapisardi Avocats (mots de passe complexes et dispositifs mis en place sur les serveurs) ;<\/li>\n<li>aux dispositifs s\u00e9curitaires int\u00e9gr\u00e9s dans le syst\u00e8me de gestion de contenus du site Web (WordPress) en charge de la s\u00e9curisation de l\u2019acc\u00e8s \u00e0 son tableau de commande, de la v\u00e9rification de l\u2019int\u00e9grit\u00e9 de ses fichiers, du fonctionnement d\u2019un pare-feu ;<\/li>\n<li>au processus de sauvegarde journali\u00e8re du site Web et de sa base de donn\u00e9es\u00a0;<\/li>\n<li>aux dispositifs s\u00e9curitaires propres \u00e0 l\u2019h\u00e9bergeur du site Web, OVH ;<\/li>\n<li>aux dispositifs s\u00e9curitaires propres au th\u00e8me et extensions connect\u00e9s au site Web ;<\/li>\n<li>au protocole de transfert hypertexte s\u00e9curis\u00e9 https qui veille \u00e0 l\u2019int\u00e9grit\u00e9 des Donn\u00e9es envoy\u00e9es par l\u2019Utilisateur de notre site Web et re\u00e7ues du serveur.<\/li>\n<\/ul>\n<p><em>Politique de confidentialit\u00e9 mise \u00e0 jour le 10.09.2021, en conformit\u00e9 avec le r\u00e8glement g\u00e9n\u00e9ral sur la protection des donn\u00e9es (RGPD).<\/em><\/p>\n<\/div><\/section>\n","protected":false},"excerpt":{"rendered":"","protected":false},"author":1,"featured_media":0,"parent":0,"menu_order":0,"comment_status":"closed","ping_status":"open","template":"","meta":{"footnotes":""},"class_list":["post-3","page","type-page","status-publish","hentry"],"yoast_head":"<!-- This site is optimized with the Yoast SEO plugin v27.4 - https:\/\/yoast.com\/product\/yoast-seo-wordpress\/ -->\n<title>Politique de confidentialit\u00e9 - Ultra Petita<\/title>\n<meta name=\"description\" content=\"Politique de confidentialit\u00e9 d&#039;Ultra Petita, votre service de pointe en droit public des affaires, par Lapisardi Avocats.\" \/>\n<meta name=\"robots\" content=\"noindex, nofollow\" \/>\n<meta property=\"og:locale\" content=\"fr_FR\" \/>\n<meta property=\"og:type\" content=\"article\" \/>\n<meta property=\"og:title\" content=\"Politique de confidentialit\u00e9 - Ultra Petita\" \/>\n<meta property=\"og:description\" content=\"Politique de confidentialit\u00e9 d&#039;Ultra Petita, votre service de pointe en droit public des affaires, par Lapisardi Avocats.\" \/>\n<meta property=\"og:url\" content=\"https:\/\/www.lapisardi-avocats.fr\/ultrapetita\/politique-de-confidentialite\/\" \/>\n<meta property=\"og:site_name\" content=\"Ultra Petita\" \/>\n<meta property=\"article:modified_time\" content=\"2021-09-10T10:47:27+00:00\" \/>\n<meta name=\"twitter:card\" content=\"summary_large_image\" \/>\n<meta name=\"twitter:label1\" content=\"Dur\u00e9e de lecture estim\u00e9e\" \/>\n\t<meta name=\"twitter:data1\" content=\"7 minutes\" \/>\n<script type=\"application\/ld+json\" class=\"yoast-schema-graph\">{\"@context\":\"https:\\\/\\\/schema.org\",\"@graph\":[{\"@type\":\"WebPage\",\"@id\":\"https:\\\/\\\/www.lapisardi-avocats.fr\\\/ultrapetita\\\/politique-de-confidentialite\\\/\",\"url\":\"https:\\\/\\\/www.lapisardi-avocats.fr\\\/ultrapetita\\\/politique-de-confidentialite\\\/\",\"name\":\"Politique de confidentialit\u00e9 - Ultra Petita\",\"isPartOf\":{\"@id\":\"https:\\\/\\\/www.lapisardi-avocats.fr\\\/ultrapetita\\\/#website\"},\"datePublished\":\"2018-11-24T07:20:28+00:00\",\"dateModified\":\"2021-09-10T10:47:27+00:00\",\"description\":\"Politique de confidentialit\u00e9 d'Ultra Petita, votre service de pointe en droit public des affaires, par Lapisardi Avocats.\",\"breadcrumb\":{\"@id\":\"https:\\\/\\\/www.lapisardi-avocats.fr\\\/ultrapetita\\\/politique-de-confidentialite\\\/#breadcrumb\"},\"inLanguage\":\"fr-FR\",\"potentialAction\":[{\"@type\":\"ReadAction\",\"target\":[\"https:\\\/\\\/www.lapisardi-avocats.fr\\\/ultrapetita\\\/politique-de-confidentialite\\\/\"]}]},{\"@type\":\"BreadcrumbList\",\"@id\":\"https:\\\/\\\/www.lapisardi-avocats.fr\\\/ultrapetita\\\/politique-de-confidentialite\\\/#breadcrumb\",\"itemListElement\":[{\"@type\":\"ListItem\",\"position\":1,\"name\":\"Accueil\",\"item\":\"https:\\\/\\\/www.lapisardi-avocats.fr\\\/ultrapetita\\\/\"},{\"@type\":\"ListItem\",\"position\":2,\"name\":\"Politique de confidentialit\u00e9\"}]},{\"@type\":\"WebSite\",\"@id\":\"https:\\\/\\\/www.lapisardi-avocats.fr\\\/ultrapetita\\\/#website\",\"url\":\"https:\\\/\\\/www.lapisardi-avocats.fr\\\/ultrapetita\\\/\",\"name\":\"Ultra Petita\",\"description\":\"Votre Extension en Droit Public des Affaires\",\"publisher\":{\"@id\":\"https:\\\/\\\/www.lapisardi-avocats.fr\\\/ultrapetita\\\/#organization\"},\"potentialAction\":[{\"@type\":\"SearchAction\",\"target\":{\"@type\":\"EntryPoint\",\"urlTemplate\":\"https:\\\/\\\/www.lapisardi-avocats.fr\\\/ultrapetita\\\/?s={search_term_string}\"},\"query-input\":{\"@type\":\"PropertyValueSpecification\",\"valueRequired\":true,\"valueName\":\"search_term_string\"}}],\"inLanguage\":\"fr-FR\"},{\"@type\":\"Organization\",\"@id\":\"https:\\\/\\\/www.lapisardi-avocats.fr\\\/ultrapetita\\\/#organization\",\"name\":\"Ultra Petita\",\"url\":\"https:\\\/\\\/www.lapisardi-avocats.fr\\\/ultrapetita\\\/\",\"logo\":{\"@type\":\"ImageObject\",\"inLanguage\":\"fr-FR\",\"@id\":\"https:\\\/\\\/www.lapisardi-avocats.fr\\\/ultrapetita\\\/#\\\/schema\\\/logo\\\/image\\\/\",\"url\":\"https:\\\/\\\/www.lapisardi-avocats.fr\\\/ultrapetita\\\/wp-content\\\/uploads\\\/2018\\\/12\\\/ultra-petita-lapisardi-avocats-logo.png\",\"contentUrl\":\"https:\\\/\\\/www.lapisardi-avocats.fr\\\/ultrapetita\\\/wp-content\\\/uploads\\\/2018\\\/12\\\/ultra-petita-lapisardi-avocats-logo.png\",\"width\":300,\"height\":300,\"caption\":\"Ultra Petita\"},\"image\":{\"@id\":\"https:\\\/\\\/www.lapisardi-avocats.fr\\\/ultrapetita\\\/#\\\/schema\\\/logo\\\/image\\\/\"}}]}<\/script>\n<!-- \/ Yoast SEO plugin. -->","yoast_head_json":{"title":"Politique de confidentialit\u00e9 - Ultra Petita","description":"Politique de confidentialit\u00e9 d'Ultra Petita, votre service de pointe en droit public des affaires, par Lapisardi Avocats.","robots":{"index":"noindex","follow":"nofollow"},"og_locale":"fr_FR","og_type":"article","og_title":"Politique de confidentialit\u00e9 - Ultra Petita","og_description":"Politique de confidentialit\u00e9 d'Ultra Petita, votre service de pointe en droit public des affaires, par Lapisardi Avocats.","og_url":"https:\/\/www.lapisardi-avocats.fr\/ultrapetita\/politique-de-confidentialite\/","og_site_name":"Ultra Petita","article_modified_time":"2021-09-10T10:47:27+00:00","twitter_card":"summary_large_image","twitter_misc":{"Dur\u00e9e de lecture estim\u00e9e":"7 minutes"},"schema":{"@context":"https:\/\/schema.org","@graph":[{"@type":"WebPage","@id":"https:\/\/www.lapisardi-avocats.fr\/ultrapetita\/politique-de-confidentialite\/","url":"https:\/\/www.lapisardi-avocats.fr\/ultrapetita\/politique-de-confidentialite\/","name":"Politique de confidentialit\u00e9 - Ultra Petita","isPartOf":{"@id":"https:\/\/www.lapisardi-avocats.fr\/ultrapetita\/#website"},"datePublished":"2018-11-24T07:20:28+00:00","dateModified":"2021-09-10T10:47:27+00:00","description":"Politique de confidentialit\u00e9 d'Ultra Petita, votre service de pointe en droit public des affaires, par Lapisardi Avocats.","breadcrumb":{"@id":"https:\/\/www.lapisardi-avocats.fr\/ultrapetita\/politique-de-confidentialite\/#breadcrumb"},"inLanguage":"fr-FR","potentialAction":[{"@type":"ReadAction","target":["https:\/\/www.lapisardi-avocats.fr\/ultrapetita\/politique-de-confidentialite\/"]}]},{"@type":"BreadcrumbList","@id":"https:\/\/www.lapisardi-avocats.fr\/ultrapetita\/politique-de-confidentialite\/#breadcrumb","itemListElement":[{"@type":"ListItem","position":1,"name":"Accueil","item":"https:\/\/www.lapisardi-avocats.fr\/ultrapetita\/"},{"@type":"ListItem","position":2,"name":"Politique de confidentialit\u00e9"}]},{"@type":"WebSite","@id":"https:\/\/www.lapisardi-avocats.fr\/ultrapetita\/#website","url":"https:\/\/www.lapisardi-avocats.fr\/ultrapetita\/","name":"Ultra Petita","description":"Votre Extension en Droit Public des Affaires","publisher":{"@id":"https:\/\/www.lapisardi-avocats.fr\/ultrapetita\/#organization"},"potentialAction":[{"@type":"SearchAction","target":{"@type":"EntryPoint","urlTemplate":"https:\/\/www.lapisardi-avocats.fr\/ultrapetita\/?s={search_term_string}"},"query-input":{"@type":"PropertyValueSpecification","valueRequired":true,"valueName":"search_term_string"}}],"inLanguage":"fr-FR"},{"@type":"Organization","@id":"https:\/\/www.lapisardi-avocats.fr\/ultrapetita\/#organization","name":"Ultra Petita","url":"https:\/\/www.lapisardi-avocats.fr\/ultrapetita\/","logo":{"@type":"ImageObject","inLanguage":"fr-FR","@id":"https:\/\/www.lapisardi-avocats.fr\/ultrapetita\/#\/schema\/logo\/image\/","url":"https:\/\/www.lapisardi-avocats.fr\/ultrapetita\/wp-content\/uploads\/2018\/12\/ultra-petita-lapisardi-avocats-logo.png","contentUrl":"https:\/\/www.lapisardi-avocats.fr\/ultrapetita\/wp-content\/uploads\/2018\/12\/ultra-petita-lapisardi-avocats-logo.png","width":300,"height":300,"caption":"Ultra Petita"},"image":{"@id":"https:\/\/www.lapisardi-avocats.fr\/ultrapetita\/#\/schema\/logo\/image\/"}}]}},"_links":{"self":[{"href":"https:\/\/www.lapisardi-avocats.fr\/ultrapetita\/wp-json\/wp\/v2\/pages\/3","targetHints":{"allow":["GET"]}}],"collection":[{"href":"https:\/\/www.lapisardi-avocats.fr\/ultrapetita\/wp-json\/wp\/v2\/pages"}],"about":[{"href":"https:\/\/www.lapisardi-avocats.fr\/ultrapetita\/wp-json\/wp\/v2\/types\/page"}],"author":[{"embeddable":true,"href":"https:\/\/www.lapisardi-avocats.fr\/ultrapetita\/wp-json\/wp\/v2\/users\/1"}],"replies":[{"embeddable":true,"href":"https:\/\/www.lapisardi-avocats.fr\/ultrapetita\/wp-json\/wp\/v2\/comments?post=3"}],"version-history":[{"count":11,"href":"https:\/\/www.lapisardi-avocats.fr\/ultrapetita\/wp-json\/wp\/v2\/pages\/3\/revisions"}],"predecessor-version":[{"id":1018,"href":"https:\/\/www.lapisardi-avocats.fr\/ultrapetita\/wp-json\/wp\/v2\/pages\/3\/revisions\/1018"}],"wp:attachment":[{"href":"https:\/\/www.lapisardi-avocats.fr\/ultrapetita\/wp-json\/wp\/v2\/media?parent=3"}],"curies":[{"name":"wp","href":"https:\/\/api.w.org\/{rel}","templated":true}]}}